{"id":681,"date":"2015-12-17T08:44:41","date_gmt":"2015-12-17T07:44:41","guid":{"rendered":"http:\/\/www.global-creativ-art.ch\/?page_id=681"},"modified":"2026-01-13T14:19:18","modified_gmt":"2026-01-13T13:19:18","slug":"newsletter","status":"publish","type":"page","link":"https:\/\/www.global-creativ-art.ch\/?page_id=681","title":{"rendered":"Newsletter"},"content":{"rendered":"<p><img loading=\"lazy\" decoding=\"async\" class=\"aligncenter size-full wp-image-683\" src=\"http:\/\/www.global-creativ-art.ch\/wp-content\/uploads\/GCA_Newsletter_standard.jpg\" alt=\"\" width=\"650\" height=\"200\" srcset=\"https:\/\/www.global-creativ-art.ch\/wp-content\/uploads\/GCA_Newsletter_standard.jpg 650w, https:\/\/www.global-creativ-art.ch\/wp-content\/uploads\/GCA_Newsletter_standard-300x92.jpg 300w\" sizes=\"auto, (max-width: 650px) 100vw, 650px\" \/><\/p>\n<p>&nbsp;<\/p>\n<p><span style=\"color: #ff00ff;\"><strong>NOUVEAU :\u00a0<\/strong>Stage de 4 jours\u00a0 \u00a0 \u00a0 \u00a0 \u00a0 \u00a0 \u00a0 \u00a0 \u00a0 \u00a0 \u00a0 \u00a0 <strong>Plus que 2 places\u00a0<\/strong><\/span><br \/>\n<span style=\"color: #ff00ff;\">Exploration v\u00e9g\u00e9tale\u00a0<\/span><\/p>\n<p>&nbsp;<\/p>\n<p><span style=\"color: #ff00ff;\"><strong>Descriptif\u00a0<\/strong><\/span><\/p>\n<p>Durant ce stage de 4 jours, apr\u00e8s une premi\u00e8re matin\u00e9e de cueillette de v\u00e9g\u00e9taux, dans la magnifique campagne entourant la Cour Joyeuse, vous explorerez diff\u00e9rentes techniques de reproduction (empreintes, cyanotype, peinture, dessin) qui vous permettront de cr\u00e9er une grande vari\u00e9t\u00e9 de papiers destin\u00e9s \u00e0 la composition de collages. Laissez-vous guider par votre cr\u00e9ativit\u00e9, assemblez librement les \u00e9l\u00e9ments pour donner vie \u00e0 des \u0153uvres uniques et singuli\u00e8res. Que vous soyez novice ou exp\u00e9riment\u00e9, ce stage s\u2019adresse \u00e0 toute personne motiv\u00e9e par le d\u00e9sir d\u2019explorer son potentiel artistique. L\u2019accompagnement est pens\u00e9 de mani\u00e8re individualis\u00e9e, vous permettant de d\u00e9velopper votre style personnel tout en b\u00e9n\u00e9ficiant d\u2019un climat ludique et bienveillant<\/p>\n<p>Stage co-anim\u00e9 avec Sandrine Devaud de la Parenth\u00e8se Cr\u00e9atrice<\/p>\n<p><span style=\"text-decoration: underline;\"><span style=\"color: #000000; text-decoration: underline;\"><a style=\"color: #000000; text-decoration: underline;\" href=\"https:\/\/www.laparenthesecreatrice.ch\/ateliers\">\u200bhttps:\/\/www.laparenthesecreatrice.ch\/ateliers<\/a><\/span><\/span><\/p>\n<p>&nbsp;<\/p>\n<p><strong><span style=\"color: #ff00ff;\">Date <\/span>: \u00a0<\/strong><strong>Du 14 au 17.09.2026<\/strong><\/p>\n<p><strong>\u200b<\/strong><strong>\u200b<\/strong><span style=\"color: #ff00ff;\"><strong>Lieu<\/strong><\/span><strong><span style=\"color: #ff00ff;\">\u00a0<\/span>: La Cour Joyeuse, La B\u00e2tie-Rolland (France)\u00a0<\/strong><\/p>\n<p><span class=\"color_41 wixui-rich-text__text\"><strong><span style=\"background-color: #ffffff; color: #ff00ff;\">R\u00e9servation de l&rsquo;h\u00e9bergement<\/span> <\/strong>:\u00a0<\/span><span class=\"color_37 wixui-rich-text__text\" style=\"color: #000000;\"><a class=\"wixui-rich-text__text\" style=\"color: #000000;\" href=\"https:\/\/www.lacourjoyeuse.com\/stages\/\" target=\"_blank\" rel=\"noopener\" data-auto-recognition=\"true\">https:\/\/www.lacourjoyeuse.com\/stages\/<\/a><\/span><\/p>\n<p>Min. 6 \/ max. 8 participant-es<\/p>\n<p><span class=\"color_15 wixui-rich-text__text\"><span class=\"wixui-rich-text__text\">L&rsquo;inscription est prise en compte \u00e0 r\u00e9ception du paiement\u00a0<\/span><\/span><\/p>\n<p><span class=\"color_15 wixui-rich-text__text\"><span class=\"wixui-rich-text__text\">Le stage est confirm\u00e9 d\u00e8s que le min. de 6 participant-es est atteint\u00a0<\/span><\/span><\/p>\n<p><strong><span style=\"color: #ff00ff;\">Prix <\/span>: 320.- Euros ou CHF 300.-\u00a0<\/strong><\/p>\n<p><span class=\"color_37 wixui-rich-text__text\"><strong><span style=\"color: #00ccff;\"><span style=\"color: #ff00ff;\">Mat\u00e9riel<\/span> <\/span><\/strong>: une liste du mat\u00e9riel \u00e0 prendre avec vous vous sera transmise avec la confirmation d&rsquo;inscription\u00a0<\/span><\/p>\n<p>&nbsp;<\/p>\n<p>&nbsp;<\/p>\n","protected":false},"excerpt":{"rendered":"<p>&nbsp; NOUVEAU :\u00a0Stage de 4 jours\u00a0 \u00a0 \u00a0 \u00a0 \u00a0 \u00a0 \u00a0 \u00a0 \u00a0 \u00a0 \u00a0 \u00a0 Plus que 2 places\u00a0 Exploration v\u00e9g\u00e9tale\u00a0 &nbsp; Descriptif\u00a0 Durant ce stage de 4 jours, apr\u00e8s une premi\u00e8re matin\u00e9e de cueillette de v\u00e9g\u00e9taux, dans la magnifique campagne entourant la Cour Joyeuse, vous explorerez diff\u00e9rentes techniques de reproduction (empreintes, cyanotype,&#8230; <\/p>\n","protected":false},"author":1,"featured_media":0,"parent":0,"menu_order":0,"comment_status":"closed","ping_status":"closed","template":"no-sidebar.php","meta":{"footnotes":""},"class_list":["post-681","page","type-page","status-publish","hentry"],"aioseo_notices":[],"_links":{"self":[{"href":"https:\/\/www.global-creativ-art.ch\/index.php?rest_route=\/wp\/v2\/pages\/681","targetHints":{"allow":["GET"]}}],"collection":[{"href":"https:\/\/www.global-creativ-art.ch\/index.php?rest_route=\/wp\/v2\/pages"}],"about":[{"href":"https:\/\/www.global-creativ-art.ch\/index.php?rest_route=\/wp\/v2\/types\/page"}],"author":[{"embeddable":true,"href":"https:\/\/www.global-creativ-art.ch\/index.php?rest_route=\/wp\/v2\/users\/1"}],"replies":[{"embeddable":true,"href":"https:\/\/www.global-creativ-art.ch\/index.php?rest_route=%2Fwp%2Fv2%2Fcomments&post=681"}],"version-history":[{"count":50,"href":"https:\/\/www.global-creativ-art.ch\/index.php?rest_route=\/wp\/v2\/pages\/681\/revisions"}],"predecessor-version":[{"id":1153,"href":"https:\/\/www.global-creativ-art.ch\/index.php?rest_route=\/wp\/v2\/pages\/681\/revisions\/1153"}],"wp:attachment":[{"href":"https:\/\/www.global-creativ-art.ch\/index.php?rest_route=%2Fwp%2Fv2%2Fmedia&parent=681"}],"curies":[{"name":"wp","href":"https:\/\/api.w.org\/{rel}","templated":true}]}}